{"id":5752,"date":"2022-11-28T13:07:11","date_gmt":"2022-11-28T12:07:11","guid":{"rendered":"https:\/\/esenciacalifal.com\/?post_type=product&#038;p=5752"},"modified":"2026-02-11T09:01:07","modified_gmt":"2026-02-11T08:01:07","slug":"aceite-de-girasol-alto-contenido-oleico-45-60-especial-frituras-5l","status":"publish","type":"product","link":"https:\/\/esenciacalifal.com\/en\/producto\/aceite-de-girasol-alto-contenido-oleico-45-60-especial-frituras-5l\/","title":{"rendered":"Aceite Refinado de Girasol Medio Oleico 5L &#8211; PARA FRE\u00cdR"},"content":{"rendered":"<p>INGREDIENTES:<\/p>\n<ul>\n<li>Aceite Refinado de Girasol Alto Oleico (50%).<\/li>\n<li>Aceite refinado de girasol (50%).<\/li>\n<li>antioxidantes (E-304i, E-306 y E-310).<\/li>\n<li>Antiespumante (E-900)<\/li>\n<\/ul>\n<p>INFORMACI\u00d3N NUTRICIONAL:<\/p>\n<ul>\n<li>Valor energ\u00e9tico 3700kj\/900 kcal<\/li>\n<li>Grasas 100 g Hidratos de carbono 0g Sal 0g Vitamina E 20mg<\/li>\n<li>Prote\u00ednas 0g Sal 0g Vitamina E 20mg<\/li>\n<\/ul>\n<p>RECOMENDACIONES DE CONSERVACI\u00d3N:<\/p>\n<ul>\n<li>Preservar del calor y el exceso de luminosidad.<\/li>\n<\/ul>\n<p>CONSUMO PREFERENTE:<\/p>\n<ul>\n<li>Ver envase.<\/li>\n<\/ul>\n<p>FORMATO:<\/p>\n<ul>\n<li>PET 5L ofrece muy buenas condiciones higi\u00e9nicas y de seguridad de nuestro producto bloqueando la luminosidad. Este formato permite un transporte y almacenaje m\u00e1s c\u00f3modo.<\/li>\n<\/ul>\n<p>DIMENSIONES:<\/p>\n<ul>\n<li>(ALTURA*DI\u00c1METRO): 32cm x 15,5cm<\/li>\n<li>PESO: 4,66Kg<\/li>\n<\/ul>\n","protected":false},"excerpt":{"rendered":"<ul>\n<li><span class=\"a-list-item\">Con potentes antioxidantes naturales como la vitamina E<\/span><\/li>\n<li><span class=\"a-list-item\">Es un aceite de origen vegetal que se extrae 100% del prensado de las semillas de girasol<\/span><\/li>\n<li><span class=\"a-list-item\"> Formato: 5 litros con pr\u00e1ctica asa para transportar y manejar<\/span><\/li>\n<li><span class=\"a-list-item\"> Producto apto para dieta vegana y vegetariana<\/span><\/li>\n<\/ul>\n","protected":false},"featured_media":6788,"comment_status":"open","ping_status":"closed","template":"","meta":{"_joinchat":[]},"product_brand":[],"product_cat":[138,243],"product_tag":[],"class_list":{"0":"post-5752","1":"product","2":"type-product","3":"status-publish","4":"has-post-thumbnail","6":"product_cat-destacados","7":"product_cat-girasol","9":"first","10":"instock","11":"taxable","12":"shipping-taxable","13":"purchasable","14":"product-type-variable"},"bundled_by":[],"bundle_stock_status":"instock","bundle_stock_quantity":null,"bundle_virtual":false,"bundle_layout":"","bundle_add_to_cart_form_location":"","bundle_editable_in_cart":false,"bundle_sold_individually_context":"","bundle_item_grouping":"","bundle_min_size":"","bundle_max_size":"","bundle_price":[],"bundled_items":[],"bundle_sell_ids":[],"yoast_head":"<!-- This site is optimized with the Yoast SEO plugin v27.4 - https:\/\/yoast.com\/product\/yoast-seo-wordpress\/ -->\n<title>Aceite Refinado de Girasol Medio Oleico 5L - PARA FRE\u00cdR - Esencia Califal<\/title>\n<meta name=\"robots\" content=\"index, follow, max-snippet:-1, max-image-preview:large, max-video-preview:-1\" \/>\n<link rel=\"canonical\" href=\"https:\/\/esenciacalifal.com\/en\/producto\/aceite-de-girasol-alto-contenido-oleico-45-60-especial-frituras-5l\/\" \/>\n<meta property=\"og:locale\" content=\"en_US\" \/>\n<meta property=\"og:type\" content=\"article\" \/>\n<meta property=\"og:title\" content=\"Aceite Refinado de Girasol Medio Oleico 5L - PARA FRE\u00cdR - Esencia Califal\" \/>\n<meta property=\"og:description\" content=\"Con potentes antioxidantes naturales como la vitamina E  Es un aceite de origen vegetal que se extrae 100% del prensado de las semillas de girasol   Formato: 5 litros con pr\u00e1ctica asa para transportar y manejar   Producto apto para dieta vegana y vegetariana\" \/>\n<meta property=\"og:url\" content=\"https:\/\/esenciacalifal.com\/en\/producto\/aceite-de-girasol-alto-contenido-oleico-45-60-especial-frituras-5l\/\" \/>\n<meta property=\"og:site_name\" content=\"Esencia Califal\" \/>\n<meta property=\"article:modified_time\" content=\"2026-02-11T08:01:07+00:00\" \/>\n<meta property=\"og:image\" content=\"https:\/\/esenciacalifal.com\/wp-content\/uploads\/2022\/11\/1-OLEICO-5L-1-scaled.jpg\" \/>\n\t<meta property=\"og:image:width\" content=\"2560\" \/>\n\t<meta property=\"og:image:height\" content=\"2560\" \/>\n\t<meta property=\"og:image:type\" content=\"image\/jpeg\" \/>\n<meta name=\"twitter:card\" content=\"summary_large_image\" \/>\n<meta name=\"twitter:label1\" content=\"Est. reading time\" \/>\n\t<meta name=\"twitter:data1\" content=\"1 minute\" \/>\n<script type=\"application\/ld+json\" class=\"yoast-schema-graph\">{\"@context\":\"https:\\\/\\\/schema.org\",\"@graph\":[{\"@type\":\"WebPage\",\"@id\":\"https:\\\/\\\/esenciacalifal.com\\\/en\\\/producto\\\/aceite-de-girasol-alto-contenido-oleico-45-60-especial-frituras-5l\\\/\",\"url\":\"https:\\\/\\\/esenciacalifal.com\\\/en\\\/producto\\\/aceite-de-girasol-alto-contenido-oleico-45-60-especial-frituras-5l\\\/\",\"name\":\"Aceite Refinado de Girasol Medio Oleico 5L - PARA FRE\u00cdR - Esencia Califal\",\"isPartOf\":{\"@id\":\"https:\\\/\\\/esenciacalifal.com\\\/#website\"},\"primaryImageOfPage\":{\"@id\":\"https:\\\/\\\/esenciacalifal.com\\\/en\\\/producto\\\/aceite-de-girasol-alto-contenido-oleico-45-60-especial-frituras-5l\\\/#primaryimage\"},\"image\":{\"@id\":\"https:\\\/\\\/esenciacalifal.com\\\/en\\\/producto\\\/aceite-de-girasol-alto-contenido-oleico-45-60-especial-frituras-5l\\\/#primaryimage\"},\"thumbnailUrl\":\"https:\\\/\\\/esenciacalifal.com\\\/wp-content\\\/uploads\\\/2022\\\/11\\\/1-OLEICO-5L-1-scaled.jpg\",\"datePublished\":\"2022-11-28T12:07:11+00:00\",\"dateModified\":\"2026-02-11T08:01:07+00:00\",\"breadcrumb\":{\"@id\":\"https:\\\/\\\/esenciacalifal.com\\\/en\\\/producto\\\/aceite-de-girasol-alto-contenido-oleico-45-60-especial-frituras-5l\\\/#breadcrumb\"},\"inLanguage\":\"en-US\",\"potentialAction\":[{\"@type\":\"ReadAction\",\"target\":[\"https:\\\/\\\/esenciacalifal.com\\\/en\\\/producto\\\/aceite-de-girasol-alto-contenido-oleico-45-60-especial-frituras-5l\\\/\"]}]},{\"@type\":\"ImageObject\",\"inLanguage\":\"en-US\",\"@id\":\"https:\\\/\\\/esenciacalifal.com\\\/en\\\/producto\\\/aceite-de-girasol-alto-contenido-oleico-45-60-especial-frituras-5l\\\/#primaryimage\",\"url\":\"https:\\\/\\\/esenciacalifal.com\\\/wp-content\\\/uploads\\\/2022\\\/11\\\/1-OLEICO-5L-1-scaled.jpg\",\"contentUrl\":\"https:\\\/\\\/esenciacalifal.com\\\/wp-content\\\/uploads\\\/2022\\\/11\\\/1-OLEICO-5L-1-scaled.jpg\",\"width\":2560,\"height\":2560,\"caption\":\"OLYMPUS DIGITAL CAMERA\"},{\"@type\":\"BreadcrumbList\",\"@id\":\"https:\\\/\\\/esenciacalifal.com\\\/en\\\/producto\\\/aceite-de-girasol-alto-contenido-oleico-45-60-especial-frituras-5l\\\/#breadcrumb\",\"itemListElement\":[{\"@type\":\"ListItem\",\"position\":1,\"name\":\"Home\",\"item\":\"https:\\\/\\\/esenciacalifal.com\\\/en\\\/\"},{\"@type\":\"ListItem\",\"position\":2,\"name\":\"Tienda\",\"item\":\"https:\\\/\\\/esenciacalifal.com\\\/tienda\\\/\"},{\"@type\":\"ListItem\",\"position\":3,\"name\":\"Aceite Refinado de Girasol Medio Oleico 5L &#8211; PARA FRE\u00cdR\"}]},{\"@type\":\"WebSite\",\"@id\":\"https:\\\/\\\/esenciacalifal.com\\\/#website\",\"url\":\"https:\\\/\\\/esenciacalifal.com\\\/\",\"name\":\"Esencia Califal\",\"description\":\"\",\"potentialAction\":[{\"@type\":\"SearchAction\",\"target\":{\"@type\":\"EntryPoint\",\"urlTemplate\":\"https:\\\/\\\/esenciacalifal.com\\\/?s={search_term_string}\"},\"query-input\":{\"@type\":\"PropertyValueSpecification\",\"valueRequired\":true,\"valueName\":\"search_term_string\"}}],\"inLanguage\":\"en-US\"}]}<\/script>\n<!-- \/ Yoast SEO plugin. -->","yoast_head_json":{"title":"Aceite Refinado de Girasol Medio Oleico 5L - PARA FRE\u00cdR - Esencia Califal","robots":{"index":"index","follow":"follow","max-snippet":"max-snippet:-1","max-image-preview":"max-image-preview:large","max-video-preview":"max-video-preview:-1"},"canonical":"https:\/\/esenciacalifal.com\/en\/producto\/aceite-de-girasol-alto-contenido-oleico-45-60-especial-frituras-5l\/","og_locale":"en_US","og_type":"article","og_title":"Aceite Refinado de Girasol Medio Oleico 5L - PARA FRE\u00cdR - Esencia Califal","og_description":"Con potentes antioxidantes naturales como la vitamina E  Es un aceite de origen vegetal que se extrae 100% del prensado de las semillas de girasol   Formato: 5 litros con pr\u00e1ctica asa para transportar y manejar   Producto apto para dieta vegana y vegetariana","og_url":"https:\/\/esenciacalifal.com\/en\/producto\/aceite-de-girasol-alto-contenido-oleico-45-60-especial-frituras-5l\/","og_site_name":"Esencia Califal","article_modified_time":"2026-02-11T08:01:07+00:00","og_image":[{"width":2560,"height":2560,"url":"https:\/\/esenciacalifal.com\/wp-content\/uploads\/2022\/11\/1-OLEICO-5L-1-scaled.jpg","type":"image\/jpeg"}],"twitter_card":"summary_large_image","twitter_misc":{"Est. reading time":"1 minute"},"schema":{"@context":"https:\/\/schema.org","@graph":[{"@type":"WebPage","@id":"https:\/\/esenciacalifal.com\/en\/producto\/aceite-de-girasol-alto-contenido-oleico-45-60-especial-frituras-5l\/","url":"https:\/\/esenciacalifal.com\/en\/producto\/aceite-de-girasol-alto-contenido-oleico-45-60-especial-frituras-5l\/","name":"Aceite Refinado de Girasol Medio Oleico 5L - PARA FRE\u00cdR - Esencia Califal","isPartOf":{"@id":"https:\/\/esenciacalifal.com\/#website"},"primaryImageOfPage":{"@id":"https:\/\/esenciacalifal.com\/en\/producto\/aceite-de-girasol-alto-contenido-oleico-45-60-especial-frituras-5l\/#primaryimage"},"image":{"@id":"https:\/\/esenciacalifal.com\/en\/producto\/aceite-de-girasol-alto-contenido-oleico-45-60-especial-frituras-5l\/#primaryimage"},"thumbnailUrl":"https:\/\/esenciacalifal.com\/wp-content\/uploads\/2022\/11\/1-OLEICO-5L-1-scaled.jpg","datePublished":"2022-11-28T12:07:11+00:00","dateModified":"2026-02-11T08:01:07+00:00","breadcrumb":{"@id":"https:\/\/esenciacalifal.com\/en\/producto\/aceite-de-girasol-alto-contenido-oleico-45-60-especial-frituras-5l\/#breadcrumb"},"inLanguage":"en-US","potentialAction":[{"@type":"ReadAction","target":["https:\/\/esenciacalifal.com\/en\/producto\/aceite-de-girasol-alto-contenido-oleico-45-60-especial-frituras-5l\/"]}]},{"@type":"ImageObject","inLanguage":"en-US","@id":"https:\/\/esenciacalifal.com\/en\/producto\/aceite-de-girasol-alto-contenido-oleico-45-60-especial-frituras-5l\/#primaryimage","url":"https:\/\/esenciacalifal.com\/wp-content\/uploads\/2022\/11\/1-OLEICO-5L-1-scaled.jpg","contentUrl":"https:\/\/esenciacalifal.com\/wp-content\/uploads\/2022\/11\/1-OLEICO-5L-1-scaled.jpg","width":2560,"height":2560,"caption":"OLYMPUS DIGITAL CAMERA"},{"@type":"BreadcrumbList","@id":"https:\/\/esenciacalifal.com\/en\/producto\/aceite-de-girasol-alto-contenido-oleico-45-60-especial-frituras-5l\/#breadcrumb","itemListElement":[{"@type":"ListItem","position":1,"name":"Home","item":"https:\/\/esenciacalifal.com\/en\/"},{"@type":"ListItem","position":2,"name":"Tienda","item":"https:\/\/esenciacalifal.com\/tienda\/"},{"@type":"ListItem","position":3,"name":"Aceite Refinado de Girasol Medio Oleico 5L &#8211; PARA FRE\u00cdR"}]},{"@type":"WebSite","@id":"https:\/\/esenciacalifal.com\/#website","url":"https:\/\/esenciacalifal.com\/","name":"Esencia Califal","description":"","potentialAction":[{"@type":"SearchAction","target":{"@type":"EntryPoint","urlTemplate":"https:\/\/esenciacalifal.com\/?s={search_term_string}"},"query-input":{"@type":"PropertyValueSpecification","valueRequired":true,"valueName":"search_term_string"}}],"inLanguage":"en-US"}]}},"jetpack_sharing_enabled":true,"_links":{"self":[{"href":"https:\/\/esenciacalifal.com\/en\/wp-json\/wp\/v2\/product\/5752","targetHints":{"allow":["GET"]}}],"collection":[{"href":"https:\/\/esenciacalifal.com\/en\/wp-json\/wp\/v2\/product"}],"about":[{"href":"https:\/\/esenciacalifal.com\/en\/wp-json\/wp\/v2\/types\/product"}],"replies":[{"embeddable":true,"href":"https:\/\/esenciacalifal.com\/en\/wp-json\/wp\/v2\/comments?post=5752"}],"wp:featuredmedia":[{"embeddable":true,"href":"https:\/\/esenciacalifal.com\/en\/wp-json\/wp\/v2\/media\/6788"}],"wp:attachment":[{"href":"https:\/\/esenciacalifal.com\/en\/wp-json\/wp\/v2\/media?parent=5752"}],"wp:term":[{"taxonomy":"product_brand","embeddable":true,"href":"https:\/\/esenciacalifal.com\/en\/wp-json\/wp\/v2\/product_brand?post=5752"},{"taxonomy":"product_cat","embeddable":true,"href":"https:\/\/esenciacalifal.com\/en\/wp-json\/wp\/v2\/product_cat?post=5752"},{"taxonomy":"product_tag","embeddable":true,"href":"https:\/\/esenciacalifal.com\/en\/wp-json\/wp\/v2\/product_tag?post=5752"}],"curies":[{"name":"wp","href":"https:\/\/api.w.org\/{rel}","templated":true}]}}